{"id":70,"date":"2018-09-15T13:14:46","date_gmt":"2018-09-15T10:14:46","guid":{"rendered":"http:\/\/baba.gmbh\/tr\/?page_id=70"},"modified":"2020-04-12T19:02:41","modified_gmt":"2020-04-12T16:02:41","slug":"hakkimizda","status":"publish","type":"page","link":"https:\/\/www.baba.gmbh\/tr\/hakkimizda\/","title":{"rendered":"Hakk\u0131m\u0131zda"},"content":{"rendered":"<p>&nbsp;<\/p>\n<p><img loading=\"lazy\" class=\"aligncenter size-full wp-image-395\" src=\"https:\/\/www.baba.gmbh\/tr\/wp-content\/uploads\/2020\/03\/logo-bs-47.png\" alt=\"\" width=\"280\" height=\"80\" \/><\/p>\n<p><strong>Hakk\u0131m\u0131zda<\/strong><\/p>\n<p>T\u00fcrkiye&#8217;de d\u00fcnyaya gelen Baba GmbH&#8217;n\u0131n kurucusu ilhan Baba, Almanya&#8217;ya 1990 senesinde gelmi\u015ftir. T\u00fcrkiye&#8217;de, gazetecilik ve i\u015fletme e\u011fitimi alan \u0130lhan Baba, T\u00fcrkiye ve Almanya&#8217;da uzun seneler g\u00fcnl\u00fck, haftal\u0131k, ayl\u0131k baz\u0131 gazetelerde, dergilerde muhabirlik, haber m\u00fcd\u00fcrl\u00fc\u011f\u00fc, haber ve reklam koordat\u00f6rl\u00fc\u011f\u00fc ile temsilcilik yapm\u0131\u015ft\u0131r. Bulundu\u011fumuz b\u00f6lgenin ilk T\u00fcrk\u00e7e-Almanca 24 saat kesintisiz yay\u0131n yapan web radyosu olan Radio Baba&#8217;y\u0131 kurmu\u015ftur.<\/p>\n<p>Baba GmbH b\u00fcnyesinde, Turizm,Medya,Marketing,Transport ve Dan\u0131\u015fmanl\u0131k hizmetleri bulunmaktad\u0131r. Almanya-T\u00fcrkiye aras\u0131nda tarihe dayanan dostluk k\u00f6pr\u00fcs\u00fcn\u00fcn peki\u015fmesine y\u00f6nelik \u00e7al\u0131\u015fmalar yapm\u0131\u015f olan \u0130lhan Baba, \u015firketin kurulu\u015funda ve ba\u015far\u0131l\u0131 i\u015fletme olmas\u0131nda e\u015fi Beyhan Baba&#8217;dan maddi ve manevi b\u00fcy\u00fck destek alm\u0131\u015ft\u0131r. \u015eirket Y\u00f6netimi Konusunda Bilgili Berhan Baba ve Umut Ulus Genel M\u00fcd\u00fcr olarak g\u00f6rev yapmakta.<\/p>\n<p>Turizm sekt\u00f6r\u00fcnde, kaliteli hizmeti ve m\u00fc\u015fteri memnuniyetini esas alarak, rehberli k\u00fclt\u00fcr gezi paketleri, grup gezileri, ticari konferanslar d\u00fczenlemi\u015ftir.\u00a0 B\u00fcnyesinde THY, Luftansa,Sun Expres, Pegasus, Condor, Corendon, Wizzair,Ryanair \u2026. vb u\u00e7ak \u015firketlerinin do\u011frudan acenteli\u011fini y\u00fcr\u00fctmekle birlikte, Bavyera b\u00f6lgesinin en g\u00fc\u00e7l\u00fc turizm \u015firketlerinden Schmetterling Reisen&#8217;in tek yetkili marka orta\u011f\u0131d\u0131r. Marketing sekt\u00f6r\u00fcnde, T\u00fcrkiye&#8217;nin tan\u0131nm\u0131\u015f Irak Plastik firmas\u0131n\u0131n Almanya temsilcidir. D\u00fcnyaca tan\u0131nm\u0131\u015f Suntat G\u0131da \u00fcr\u00fcnlerinin\u00a0 baz\u0131 Orta Asya \u00fclkelerine pazarlanmas\u0131 konusunda \u00e7al\u0131\u015fma yapm\u0131\u015ft\u0131r.<\/p>\n<p><strong>Misyonumuz<\/strong><strong>;<\/strong><\/p>\n<p>Kendisini s\u00fcrekli iyile\u015ftiren, m\u00fc\u015fteri memnuniyetini,kaliteli hizmeti hedef edinmi\u015f ve yarat\u0131c\u0131 idari, teknik kadrosu ile, uluslararas\u0131 i\u015fbirli\u011fi ve dayan\u0131\u015fma anlay\u0131\u015f\u0131yla toplumun ihtiya\u00e7lar\u0131na, m\u00fc\u015fterilerin beklentilerine y\u00f6nelik tasar\u0131m, proje hizmetlerine \u00f6nc\u00fcl\u00fck eden \u015firketimiz, \u00e7al\u0131\u015fanlar\u0131n\u0131n performans\u0131n\u0131 geli\u015ftirilmesine y\u00f6nelik mesleki geli\u015fime katk\u0131 sa\u011flayacak e\u011fitim \u00e7al\u0131\u015fmalar\u0131n\u0131 organize etmektedir.<\/p>\n<p><strong>Vizyonumuz;<\/strong><\/p>\n<p>E\u011fitim, ara\u015ft\u0131rma ve s\u00fcrekli iyile\u015ftirme ile tercih edilen dikkat \u00e7ekici \u00f6nc\u00fc marka olmakt\u0131r. Uluslararas\u0131 platformlarda daha aktif,g\u00fc\u00e7l\u00fc ve etkin bir rol \u00fcstlenebilmeleri i\u00e7in dijital \u00e7a\u011fa uygun yenilik\u00e7i ve s\u00fcrd\u00fcr\u00fclebilir bak\u0131\u015f a\u00e7\u0131s\u0131 geli\u015ftirmektir.<\/p>\n<p><strong>De\u011ferlerimiz: <\/strong>G\u00fcvenilirlik,Kararl\u0131l\u0131k,Eri\u015filebilirlik,Kaliteye ve Markaya Odakl\u0131l\u0131k, Sosyal Sorumluluk<\/p>\n<p>&nbsp;<\/p>\n<p>\u0130leti\u015fim bilgisi:<\/p>\n<p>Baba GmbH<\/p>\n<p>Adres: Allersberger str 82<\/p>\n<p>90461 N\u00fcrnberg<\/p>\n<p>Tel\u00a0 \u00a0 \u00a0 \u00a0 \u00a0 :\u00a0 0911-451181<\/p>\n<p>Fax:\u00a0 \u00a0 \u00a0 \u00a0 : 0911-451140<\/p>\n<p>Website : www.baba.gmbh<\/p>\n<p>Mail\u00a0 \u00a0 \u00a0 \u00a0:\u00a0 info@baba.gmbh<\/p>\n","protected":false},"excerpt":{"rendered":"<p>&nbsp; Hakk\u0131m\u0131zda T\u00fcrkiye&#8217;de d\u00fcnyaya gelen Baba GmbH&#8217;n\u0131n kurucusu ilhan Baba, Almanya&#8217;ya 1990 senesinde gelmi\u015ftir. T\u00fcrkiye&#8217;de, gazetecilik ve i\u015fletme e\u011fitimi alan \u0130lhan Baba, T\u00fcrkiye ve Almanya&#8217;da uzun seneler g\u00fcnl\u00fck, haftal\u0131k, ayl\u0131k baz\u0131 gazetelerde, dergilerde muhabirlik, haber m\u00fcd\u00fcrl\u00fc\u011f\u00fc, haber ve reklam koordat\u00f6rl\u00fc\u011f\u00fc ile temsilcilik yapm\u0131\u015ft\u0131r. Bulundu\u011fumuz b\u00f6lgenin ilk T\u00fcrk\u00e7e-Almanca 24 saat kesintisiz yay\u0131n yapan web radyosu olan [&hellip;]<\/p>\n","protected":false},"author":1,"featured_media":0,"parent":0,"menu_order":0,"comment_status":"closed","ping_status":"closed","template":"","meta":[],"_links":{"self":[{"href":"https:\/\/www.baba.gmbh\/tr\/wp-json\/wp\/v2\/pages\/70"}],"collection":[{"href":"https:\/\/www.baba.gmbh\/tr\/wp-json\/wp\/v2\/pages"}],"about":[{"href":"https:\/\/www.baba.gmbh\/tr\/wp-json\/wp\/v2\/types\/page"}],"author":[{"embeddable":true,"href":"https:\/\/www.baba.gmbh\/tr\/wp-json\/wp\/v2\/users\/1"}],"replies":[{"embeddable":true,"href":"https:\/\/www.baba.gmbh\/tr\/wp-json\/wp\/v2\/comments?post=70"}],"version-history":[{"count":14,"href":"https:\/\/www.baba.gmbh\/tr\/wp-json\/wp\/v2\/pages\/70\/revisions"}],"predecessor-version":[{"id":484,"href":"https:\/\/www.baba.gmbh\/tr\/wp-json\/wp\/v2\/pages\/70\/revisions\/484"}],"wp:attachment":[{"href":"https:\/\/www.baba.gmbh\/tr\/wp-json\/wp\/v2\/media?parent=70"}],"curies":[{"name":"wp","href":"https:\/\/api.w.org\/{rel}","templated":true}]}}