{"id":465,"date":"2020-03-28T21:25:18","date_gmt":"2020-03-28T18:25:18","guid":{"rendered":"https:\/\/www.baba.gmbh\/tr\/?page_id=465"},"modified":"2020-04-13T15:33:58","modified_gmt":"2020-04-13T12:33:58","slug":"danismanlik","status":"publish","type":"page","link":"https:\/\/www.baba.gmbh\/tr\/danismanlik\/","title":{"rendered":"Dan\u0131\u015fmanl\u0131k"},"content":{"rendered":"<p><img loading=\"lazy\" class=\"aligncenter size-full wp-image-466\" src=\"https:\/\/www.baba.gmbh\/tr\/wp-content\/uploads\/2020\/03\/danismanlik.jpg\" alt=\"\" width=\"626\" height=\"417\" srcset=\"https:\/\/www.baba.gmbh\/tr\/wp-content\/uploads\/2020\/03\/danismanlik.jpg 626w, https:\/\/www.baba.gmbh\/tr\/wp-content\/uploads\/2020\/03\/danismanlik-300x200.jpg 300w\" sizes=\"(max-width: 626px) 100vw, 626px\" \/><\/p>\n<p>Baba GmbH olarak ayn\u0131 zamanda bir\u00e7ok sekt\u00f6rde dan\u0131\u015fmanl\u0131k hizmeti de vermekteyiz.<\/p>\n<ul>\n<li>\u00dcr\u00fcn Tan\u0131t\u0131m ve Pazarlama<\/li>\n<li>Almanya \u015eirket Kurulumlar\u0131<\/li>\n<li>Reklam Anla\u015fmalar\u0131<\/li>\n<li>Firma Tan\u0131t\u0131mlar\u0131<\/li>\n<\/ul>\n<p>&#8211; Almanya, Mo\u011folistan, Azerbaycan, \u00d6zbekistan \u00fclkelerine y\u00f6nelik ticaret yapmak isteyenler i\u00e7in ticari ba\u011flant\u0131 kurulur. Firmalar\u0131n \u00fcr\u00fcnleri bu \u00fclkelerde pazarlan\u0131r.<\/p>\n<p>&nbsp;<\/p>\n","protected":false},"excerpt":{"rendered":"<p>Baba GmbH olarak ayn\u0131 zamanda bir\u00e7ok sekt\u00f6rde dan\u0131\u015fmanl\u0131k hizmeti de vermekteyiz. \u00dcr\u00fcn Tan\u0131t\u0131m ve Pazarlama Almanya \u015eirket Kurulumlar\u0131 Reklam Anla\u015fmalar\u0131 Firma Tan\u0131t\u0131mlar\u0131 &#8211; Almanya, Mo\u011folistan, Azerbaycan, \u00d6zbekistan \u00fclkelerine y\u00f6nelik ticaret yapmak isteyenler i\u00e7in ticari ba\u011flant\u0131 kurulur. Firmalar\u0131n \u00fcr\u00fcnleri bu \u00fclkelerde pazarlan\u0131r. &nbsp;<\/p>\n","protected":false},"author":1,"featured_media":0,"parent":0,"menu_order":0,"comment_status":"closed","ping_status":"closed","template":"","meta":[],"_links":{"self":[{"href":"https:\/\/www.baba.gmbh\/tr\/wp-json\/wp\/v2\/pages\/465"}],"collection":[{"href":"https:\/\/www.baba.gmbh\/tr\/wp-json\/wp\/v2\/pages"}],"about":[{"href":"https:\/\/www.baba.gmbh\/tr\/wp-json\/wp\/v2\/types\/page"}],"author":[{"embeddable":true,"href":"https:\/\/www.baba.gmbh\/tr\/wp-json\/wp\/v2\/users\/1"}],"replies":[{"embeddable":true,"href":"https:\/\/www.baba.gmbh\/tr\/wp-json\/wp\/v2\/comments?post=465"}],"version-history":[{"count":4,"href":"https:\/\/www.baba.gmbh\/tr\/wp-json\/wp\/v2\/pages\/465\/revisions"}],"predecessor-version":[{"id":496,"href":"https:\/\/www.baba.gmbh\/tr\/wp-json\/wp\/v2\/pages\/465\/revisions\/496"}],"wp:attachment":[{"href":"https:\/\/www.baba.gmbh\/tr\/wp-json\/wp\/v2\/media?parent=465"}],"curies":[{"name":"wp","href":"https:\/\/api.w.org\/{rel}","templated":true}]}}