{"id":418,"date":"2020-03-25T18:42:35","date_gmt":"2020-03-25T15:42:35","guid":{"rendered":"https:\/\/www.baba.gmbh\/tr\/?page_id=418"},"modified":"2020-04-13T15:30:43","modified_gmt":"2020-04-13T12:30:43","slug":"turizm","status":"publish","type":"page","link":"https:\/\/www.baba.gmbh\/tr\/turizm\/","title":{"rendered":"Turizm"},"content":{"rendered":"<p>&nbsp;<\/p>\n<p><a href=\"https:\/\/turkisreisen.de\/\" target=\"_blank\" rel=\"noopener noreferrer\"><img loading=\"lazy\" class=\"aligncenter size-full wp-image-437\" src=\"https:\/\/www.baba.gmbh\/tr\/wp-content\/uploads\/2020\/03\/turkish-tour-logo.png\" alt=\"\" width=\"296\" height=\"50\" \/><\/a><\/p>\n<p style=\"text-align: center;\"><a href=\"https:\/\/turkisreisen.de\/\" target=\"_blank\" rel=\"noopener noreferrer\"><strong>Turizm Sitemize Gitmek \u0130\u00e7in T\u0131klay\u0131n.<\/strong><\/a><\/p>\n<p style=\"text-align: center;\"><strong><img loading=\"lazy\" class=\"aligncenter size-full wp-image-486\" src=\"https:\/\/www.baba.gmbh\/tr\/wp-content\/uploads\/2020\/04\/turkish-reisen.jpg\" alt=\"\" width=\"700\" height=\"394\" srcset=\"https:\/\/www.baba.gmbh\/tr\/wp-content\/uploads\/2020\/04\/turkish-reisen.jpg 700w, https:\/\/www.baba.gmbh\/tr\/wp-content\/uploads\/2020\/04\/turkish-reisen-300x169.jpg 300w\" sizes=\"(max-width: 700px) 100vw, 700px\" \/>\u00a0<\/strong><\/p>\n<p><strong>T\u00fcrkis Tour Travel Hakk\u0131nda<\/strong><\/p>\n<p>Baba GmbH&#8217;n\u0131n kurucusu ilhan Baba, Almanya&#8217;ya 1990 senesinde gelmi\u015ftir. T\u00fcrkiye&#8217;de, gazetecilik ve i\u015fletme e\u011fitimi alan \u0130lhan Baba, T\u00fcrkiye ve Almanya&#8217;da g\u00fcnl\u00fck, haftal\u0131k, ayl\u0131k baz\u0131 gazetelerde, dergilerde muhabirlik, haber m\u00fcd\u00fcrl\u00fc\u011f\u00fc, haber ve reklam koordat\u00f6rl\u00fc\u011f\u00fc ile haber ajanslar\u0131nda temsilcilik yapm\u0131\u015ft\u0131r. B\u00f6lgenin 24 saat kesintisiz yay\u0131n yapan\u00a0 ilk T\u00fcrk\u00e7e-Almanca web radyosu Radio Baba&#8217;y\u0131 kurmu\u015ftur.<\/p>\n<p>\u0130lhan Baba, Turizm sekt\u00f6r\u00fcndeki \u00e7al\u0131\u015fmalar\u0131na 2000 y\u0131l\u0131nda kurdu\u011fu,T\u00fcrkis Tour Travel GmbH isimli \u015firketiyle ba\u015flam\u0131\u015ft\u0131r. T\u00fcrkis Tour Travel, kaliteli hizmeti ve m\u00fc\u015fteri memnuniyetini esas alarak, Avrupa Birli\u011finin \u00f6nemli kentlerine rehberli k\u00fclt\u00fcr gezi paketleri, grup gezileri, ticari konferanslar d\u00fczenlemi\u015ftir.\u00a0 B\u00fcnyesinde THY, Luftansa,Sun Expres, Pegasus, Condor, Corendon, Wizzair,Ryanair \u2026. vb u\u00e7ak \u015firketlerinin do\u011frudan acenteli\u011fini y\u00fcr\u00fctmekle birlikte, d\u00fczg\u00fcn \u00e7al\u0131\u015fmas\u0131yla dikkati \u00e7ekerek Bavyera b\u00f6lgesinin en g\u00fc\u00e7l\u00fc turizm \u015firketlerinden Schmetterling Reisen&#8217;in tek yetkili marka orta\u011f\u0131 olmay\u0131 ba\u015farm\u0131\u015ft\u0131r.<\/p>\n<p><img loading=\"lazy\" class=\"aligncenter size-full wp-image-492\" src=\"https:\/\/www.baba.gmbh\/tr\/wp-content\/uploads\/2020\/04\/reisen-buro-2.jpg\" alt=\"\" width=\"700\" height=\"352\" srcset=\"https:\/\/www.baba.gmbh\/tr\/wp-content\/uploads\/2020\/04\/reisen-buro-2.jpg 700w, https:\/\/www.baba.gmbh\/tr\/wp-content\/uploads\/2020\/04\/reisen-buro-2-300x151.jpg 300w\" sizes=\"(max-width: 700px) 100vw, 700px\" \/><\/p>\n<p><strong>T\u00fcrkis Tour Travel&#8217;in Vizyonu:<\/strong><\/p>\n<p>Turizm Sekt\u00f6r\u00fcne katk\u0131 sa\u011flamak, \u00e7al\u0131\u015fanlar\u0131n\u0131n uslararas\u0131 platformlarda daha aktif,g\u00fc\u00e7l\u00fc ve etkin bir rol \u00fcstlenebilmeleri i\u00e7in dijital \u00e7a\u011fa uygun yenilik\u00e7i ve s\u00fcrd\u00fcr\u00fclebilir bak\u0131\u015f a\u00e7\u0131s\u0131n\u0131 geli\u015ftirmektir.<\/p>\n<p><strong>T\u00fcrkis Tour Travel&#8217;in Misyonu: <\/strong><\/p>\n<p>Turizm sekt\u00f6r\u00fcn\u00fc temsil eder, Turizmle ilgili toplumsal bilinci artt\u0131r\u0131r, \u00c7al\u0131\u015fanlar\u0131n\u0131n performans\u0131n\u0131 geli\u015ftirir, rekabet ortam\u0131n\u0131 kontrol eder, Mesleki anlamda \u00e7al\u0131\u015fanlar\u0131n\u0131n geli\u015fimine katk\u0131 sa\u011flayacak e\u011fitim \u00e7al\u0131\u015fmalar\u0131n\u0131 organize ederek sekt\u00f6rdeki hizmet standartlar\u0131n\u0131 kalitesini y\u00fckseltir.<\/p>\n<p><strong>T\u00fcrkis Tour Travel&#8217;in Kalite Politikas\u0131:<\/strong><\/p>\n<p>Hukuk mevzuat\u0131na uygun \u00e7al\u0131\u015fmalar yapar. Birlikte \u00e7al\u0131\u015ft\u0131\u011f\u0131 acentalar\u0131n\u0131n mesleki geli\u015fimine katk\u0131 ve destek sa\u011flar. \u00c7al\u0131\u015fanlar\u0131n\u0131n motivasyonunu ve verimlili\u011fini art\u0131r\u0131c\u0131 \u00e7al\u0131\u015fmalar yapar. D\u00fcnyadaki teknolojik geli\u015fmeleri takip edip gereklerine uygun davran\u0131r. \u0130nsan sa\u011fl\u0131\u011f\u0131 ve g\u00fcvenli\u011fi ile \u00e7evreyi korumaya \u00f6zen g\u00f6sterip, amaca y\u00f6nelik davran\u0131r.<\/p>\n<p><strong> <img loading=\"lazy\" class=\"aligncenter size-full wp-image-489\" src=\"https:\/\/www.baba.gmbh\/tr\/wp-content\/uploads\/2020\/04\/reisen-buro.jpg\" alt=\"\" width=\"700\" height=\"360\" srcset=\"https:\/\/www.baba.gmbh\/tr\/wp-content\/uploads\/2020\/04\/reisen-buro.jpg 700w, https:\/\/www.baba.gmbh\/tr\/wp-content\/uploads\/2020\/04\/reisen-buro-300x154.jpg 300w\" sizes=\"(max-width: 700px) 100vw, 700px\" \/><\/strong><\/p>\n","protected":false},"excerpt":{"rendered":"<p>&nbsp; Turizm Sitemize Gitmek \u0130\u00e7in T\u0131klay\u0131n. \u00a0 T\u00fcrkis Tour Travel Hakk\u0131nda Baba GmbH&#8217;n\u0131n kurucusu ilhan Baba, Almanya&#8217;ya 1990 senesinde gelmi\u015ftir. T\u00fcrkiye&#8217;de, gazetecilik ve i\u015fletme e\u011fitimi alan \u0130lhan Baba, T\u00fcrkiye ve Almanya&#8217;da g\u00fcnl\u00fck, haftal\u0131k, ayl\u0131k baz\u0131 gazetelerde, dergilerde muhabirlik, haber m\u00fcd\u00fcrl\u00fc\u011f\u00fc, haber ve reklam koordat\u00f6rl\u00fc\u011f\u00fc ile haber ajanslar\u0131nda temsilcilik yapm\u0131\u015ft\u0131r. B\u00f6lgenin 24 saat kesintisiz yay\u0131n yapan\u00a0 [&hellip;]<\/p>\n","protected":false},"author":1,"featured_media":0,"parent":0,"menu_order":0,"comment_status":"closed","ping_status":"closed","template":"","meta":[],"_links":{"self":[{"href":"https:\/\/www.baba.gmbh\/tr\/wp-json\/wp\/v2\/pages\/418"}],"collection":[{"href":"https:\/\/www.baba.gmbh\/tr\/wp-json\/wp\/v2\/pages"}],"about":[{"href":"https:\/\/www.baba.gmbh\/tr\/wp-json\/wp\/v2\/types\/page"}],"author":[{"embeddable":true,"href":"https:\/\/www.baba.gmbh\/tr\/wp-json\/wp\/v2\/users\/1"}],"replies":[{"embeddable":true,"href":"https:\/\/www.baba.gmbh\/tr\/wp-json\/wp\/v2\/comments?post=418"}],"version-history":[{"count":13,"href":"https:\/\/www.baba.gmbh\/tr\/wp-json\/wp\/v2\/pages\/418\/revisions"}],"predecessor-version":[{"id":493,"href":"https:\/\/www.baba.gmbh\/tr\/wp-json\/wp\/v2\/pages\/418\/revisions\/493"}],"wp:attachment":[{"href":"https:\/\/www.baba.gmbh\/tr\/wp-json\/wp\/v2\/media?parent=418"}],"curies":[{"name":"wp","href":"https:\/\/api.w.org\/{rel}","templated":true}]}}