{"id":415,"date":"2020-03-25T18:40:54","date_gmt":"2020-03-25T15:40:54","guid":{"rendered":"https:\/\/www.baba.gmbh\/tr\/?page_id=415"},"modified":"2020-04-13T15:37:59","modified_gmt":"2020-04-13T12:37:59","slug":"radio-baba","status":"publish","type":"page","link":"https:\/\/www.baba.gmbh\/tr\/radio-baba\/","title":{"rendered":"Radio Baba"},"content":{"rendered":"<p><a href=\"http:\/\/radiobaba.de\/\" target=\"_blank\" rel=\"noopener noreferrer\"><img loading=\"lazy\" class=\"aligncenter size-full wp-image-429\" src=\"https:\/\/www.baba.gmbh\/tr\/wp-content\/uploads\/2020\/03\/radio-baba-studio-1.jpg\" alt=\"\" width=\"626\" height=\"417\" srcset=\"https:\/\/www.baba.gmbh\/tr\/wp-content\/uploads\/2020\/03\/radio-baba-studio-1.jpg 626w, https:\/\/www.baba.gmbh\/tr\/wp-content\/uploads\/2020\/03\/radio-baba-studio-1-300x200.jpg 300w\" sizes=\"(max-width: 626px) 100vw, 626px\" \/><\/a><!-- ENDS: AUTO-GENERATED MUSES RADIO PLAYER CODE --><!-- ENDS: AUTO-GENERATED MUSES RADIO PLAYER CODE --><\/p>\n<p style=\"text-align: center;\"><a href=\"http:\/\/radiobaba.de\/\" target=\"_blank\" rel=\"noopener noreferrer\"><strong>Radyo Sitemize Gitmek \u0130\u00e7in T\u0131klay\u0131n&#8230;<\/strong><\/a><\/p>\n<p>Radyo Baba, 2011 y\u0131l\u0131nda Ilhan Baba taraf\u0131ndan N\u00fcrnberg&#8217;de internet radyosu olarak kuruldu. \u0130lhan Baba&#8217;n\u0131n \u00f6zge\u00e7mi\u015fine k\u0131sa bir bak\u0131\u015f, radyo \/ medya operasyonlar\u0131ndaki uzun y\u0131llara dayanan deneyimini ve tutkusunu g\u00f6stermektedir. \u0130lhan Baba 28 Aral\u0131k 1964&#8217;te \u00c7orum&#8217;da do\u011fdu. Baba 1984&#8217;te gazetecilik kariyerine T\u00fcrkiye&#8217;deki Anadolu Haber Ajansi haber ajans\u0131nda ba\u015flad\u0131. \u0130ki y\u0131l sonra haber ajans\u0131 T\u00fcrk Haberler Ajansi (k\u0131salt\u0131lm\u0131\u015f THA) i\u00e7in \u00e7al\u0131\u015ft\u0131. 1991&#8217;de Almanya&#8217;ya geldikten sonra T\u00fcrk Milliyet gazetesine yazmaya ba\u015flad\u0131.<\/p>\n<p>Gazetenin Almanca bask\u0131s\u0131 i\u00e7in May\u0131s 2010&#8217;da yay\u0131n\u0131 kesilene kadar \u00e7al\u0131\u015ft\u0131. Milliyet&#8217;teki \u00e7al\u0131\u015fmalar\u0131na paralel olarak Baba (bug\u00fcne kadar) H\u00fcrriyet gazetesinin (T\u00fcrkiye&#8217;nin en b\u00fcy\u00fck tirajlar\u0131ndan biri) reklamc\u0131l\u0131k g\u00f6revini y\u00fcr\u00fctt\u00fc. Baba sadece medya sekt\u00f6r\u00fcnde de\u011fil, i\u015f d\u00fcnyas\u0131nda da yeterli deneyim kazanm\u0131\u015ft\u0131r.<\/p>\n<p>Baba, Sina Arastirma A.\u015e.&#8217;de insan kaynaklar\u0131, sat\u0131\u015f ve sat\u0131n alma departman\u0131 ba\u015fkan\u0131 olarak yapt\u0131\u011f\u0131 \u00e7al\u0131\u015fmalarla i\u015fletme okudu ve bu alanda pratik deneyim kazand\u0131. (Cam end\u00fcstrisi i\u00e7in \u015firket). Bu arada \u0130lhan Baba ve o\u011flu Berhan Baba, T\u00fcrkis Tur Seyahatinin (son zamanlarda Baba GmbH) genel m\u00fcd\u00fcr\u00fcd\u00fcr.<\/p>\n<p>\u0130lhan Baba, medya ve i\u015f kariyeri boyunca \u00e7ok say\u0131da i\u015f adam\u0131 ve giri\u015fimci ile temas kurdu.<br \/>\nBir reklam komisyoncusu olarak, reklam\u0131n nas\u0131l \u00e7al\u0131\u015ft\u0131\u011f\u0131n\u0131 ve nas\u0131l pazarlanabilece\u011fini bilir. Radyo \u015fu anda uluslararas\u0131 alanda bilinen Baktat (BAK Karde\u015fler Lebensmittelhandelsgesellschaft mbH) ve Iraq Plastik&#8217;in reklam\u0131n\u0131 yapmaktad\u0131r. Radyo Baba kendisini k\u00fclt\u00fcrler aras\u0131nda bir k\u00f6pr\u00fc olarak g\u00f6r\u00fcyor ve partiye ba\u011fl\u0131 ya da mezhepsel de\u011fil.<\/p>\n<p>Radyo \/ Radyo BABA<\/p>\n<p>&#8220;Radyo Baba insanlara bir par\u00e7a ev sunmal\u0131&#8221; (\u0130lhan Baba)<\/p>\n<p>Radyo Baba&#8217;n\u0131n amac\u0131:<br \/>\n\u2022 k\u00fclt\u00fcrel ve sosyal entegrasyonu te\u015fvik etmek,<br \/>\n\u2022 \u00e7e\u015fitlilikte bar\u0131\u015f i\u00e7inde bir arada ya\u015famay\u0131 g\u00fc\u00e7lendirmek,<br \/>\n\u2022 Yerel halk aras\u0131nda yabanc\u0131 m\u00fczik, diller ve k\u00fclt\u00fcr i\u00e7in anlay\u0131\u015f olu\u015fturmak<br \/>\n\u2022 Alman-T\u00fcrk dostlu\u011funu g\u00fc\u00e7lendirmek<\/p>\n<p>Radyo Baba, Bavyera&#8217;daki ilk Alman-T\u00fcrk radyosudur ve sadece T\u00fcrk-Alman ili\u015fkilerini g\u00fc\u00e7lendirmekle kalmaz, ayn\u0131 zamanda di\u011fer bir\u00e7ok ulus aras\u0131ndaki de\u011fi\u015fimi ve anlay\u0131\u015f\u0131 destekler. Bunun yap\u0131lmas\u0131n\u0131n yollar\u0131ndan biri, d\u00fcnyan\u0131n d\u00f6rt bir yan\u0131ndan gelen m\u00fcziklerin Radyo Baba&#8217;da yerini bulmas\u0131d\u0131r. Di\u011fer bir \u00f6zellik de yay\u0131nc\u0131l\u0131\u011f\u0131n \u00e7ok \u00e7e\u015fitli dillerde yap\u0131lmas\u0131d\u0131r. Radyo Baba, yay\u0131nc\u0131lar\u0131 i\u00e7in dinlemeyi kolayla\u015ft\u0131r\u0131yor<br \/>\nyabanc\u0131 dil k\u00fclt\u00fcrlerine ve m\u00fczi\u011fe eri\u015fim. Radio Baba&#8217;n\u0131n mevcut program program\u0131 \u00e7ok k\u00fclt\u00fcrl\u00fc ve \u00e7e\u015fitli bir radyo s\u00fcreci olu\u015fturmaktad\u0131r. Programlar\u0131nda kar\u015f\u0131l\u0131kl\u0131 anlay\u0131\u015f\u0131, vatanda\u015flar, dil topluluklar\u0131 ve k\u00fclt\u00fcrler aras\u0131nda al\u0131\u015fveri\u015fi te\u015fvik eder ve yarat\u0131r. Radyo Baba, Almanya&#8217;daki yabanc\u0131lar\u0131 dikkate alarak endi\u015felerini anl\u0131yor.<\/p>\n<p>Radyo \u015fu anda ayda yakla\u015f\u0131k 10 bin dinleyiciye sahiptir ve bunlar\u0131n aras\u0131nda yurtd\u0131\u015f\u0131ndan \u00e7ok say\u0131da dinleyici vard\u0131r. Radyo Baba, Facebook ve Twitter gibi sosyal a\u011flar arac\u0131l\u0131\u011f\u0131yla dinleyicileri ile her zaman ileti\u015fim halindedir. Radio Baba \u015fu anda a\u015fa\u011f\u0131daki dilleri yay\u0131nlamaktad\u0131r:<\/p>\n<p>\u2022 T\u00fcrk\u00e7e (\u00e7o\u011funlukla)<br \/>\n\u2022 Almanca<br \/>\n\u2022 Azerice<br \/>\n\u2022 Rus\u00e7a<\/p>\n<p>E\u011flence ve m\u00fczi\u011fe ek olarak, Radio Baba her zevke uygun do\u011fru radyo program\u0131n\u0131 sunar. Radyo Baba bazen k\u00fclt\u00fcr, toplum, hukuk, ekonomi, e\u011fitim, spor ve sa\u011fl\u0131k alanlar\u0131ndan \u00e7ok farkl\u0131 ve \/ veya g\u00fcncel konularda st\u00fcdyo misafirleriyle konu\u015fur. Dinleyiciler program\u0131 istedikleri zaman ayarlama ve soru sorma olana\u011f\u0131na sahiptir. Dinleyicilerin bir\u00e7o\u011fu Facebook, Twitter, Instagram ve \u00fccretsiz Radio Baba uygulamas\u0131 arac\u0131l\u0131\u011f\u0131yla ba\u011fl\u0131 kal\u0131r. Ayr\u0131ca g\u00fcn ve (yerel) olay bilgileri hakk\u0131nda g\u00fcncel bilgiler vard\u0131r. Program 14 ila 65 y\u0131ll\u0131k hedef kitleye y\u00f6neliktir.<\/p>\n<p><a href=\"http:\/\/www.radiobaba.de\" target=\"_blank\" rel=\"noopener noreferrer\">http:\/\/www.radiobaba.de<\/a><br \/>\ninfo@radiobaba.de<\/p>\n<p>\u0130rtibat:<\/p>\n<p>Allersberger Strasse 82<br \/>\n90411 N\u00fcrnberg<\/p>\n<p>Tel. :\u00a0 0049-911-43189726<br \/>\nFaks: 0049-911-451140<br \/>\nCep : 0049-172 5334488<\/p>\n","protected":false},"excerpt":{"rendered":"<p>Radyo Sitemize Gitmek \u0130\u00e7in T\u0131klay\u0131n&#8230; Radyo Baba, 2011 y\u0131l\u0131nda Ilhan Baba taraf\u0131ndan N\u00fcrnberg&#8217;de internet radyosu olarak kuruldu. \u0130lhan Baba&#8217;n\u0131n \u00f6zge\u00e7mi\u015fine k\u0131sa bir bak\u0131\u015f, radyo \/ medya operasyonlar\u0131ndaki uzun y\u0131llara dayanan deneyimini ve tutkusunu g\u00f6stermektedir. \u0130lhan Baba 28 Aral\u0131k 1964&#8217;te \u00c7orum&#8217;da do\u011fdu. Baba 1984&#8217;te gazetecilik kariyerine T\u00fcrkiye&#8217;deki Anadolu Haber Ajansi haber ajans\u0131nda ba\u015flad\u0131. \u0130ki y\u0131l sonra [&hellip;]<\/p>\n","protected":false},"author":1,"featured_media":0,"parent":0,"menu_order":0,"comment_status":"closed","ping_status":"closed","template":"","meta":[],"_links":{"self":[{"href":"https:\/\/www.baba.gmbh\/tr\/wp-json\/wp\/v2\/pages\/415"}],"collection":[{"href":"https:\/\/www.baba.gmbh\/tr\/wp-json\/wp\/v2\/pages"}],"about":[{"href":"https:\/\/www.baba.gmbh\/tr\/wp-json\/wp\/v2\/types\/page"}],"author":[{"embeddable":true,"href":"https:\/\/www.baba.gmbh\/tr\/wp-json\/wp\/v2\/users\/1"}],"replies":[{"embeddable":true,"href":"https:\/\/www.baba.gmbh\/tr\/wp-json\/wp\/v2\/comments?post=415"}],"version-history":[{"count":18,"href":"https:\/\/www.baba.gmbh\/tr\/wp-json\/wp\/v2\/pages\/415\/revisions"}],"predecessor-version":[{"id":498,"href":"https:\/\/www.baba.gmbh\/tr\/wp-json\/wp\/v2\/pages\/415\/revisions\/498"}],"wp:attachment":[{"href":"https:\/\/www.baba.gmbh\/tr\/wp-json\/wp\/v2\/media?parent=415"}],"curies":[{"name":"wp","href":"https:\/\/api.w.org\/{rel}","templated":true}]}}