{"id":411,"date":"2020-03-25T18:36:06","date_gmt":"2020-03-25T15:36:06","guid":{"rendered":"https:\/\/www.baba.gmbh\/tr\/?page_id=411"},"modified":"2020-03-26T23:41:01","modified_gmt":"2020-03-26T20:41:01","slug":"marketing","status":"publish","type":"page","link":"https:\/\/www.baba.gmbh\/tr\/marketing\/","title":{"rendered":"Marketing"},"content":{"rendered":"<header class=\"entry-header\">\n<h1 class=\"entry-title\"><img loading=\"lazy\" class=\"aligncenter wp-image-455 size-full\" src=\"https:\/\/www.baba.gmbh\/tr\/wp-content\/uploads\/2020\/03\/plastart-2.jpg\" alt=\"\" width=\"728\" height=\"379\" srcset=\"https:\/\/www.baba.gmbh\/tr\/wp-content\/uploads\/2020\/03\/plastart-2.jpg 728w, https:\/\/www.baba.gmbh\/tr\/wp-content\/uploads\/2020\/03\/plastart-2-300x156.jpg 300w\" sizes=\"(max-width: 728px) 100vw, 728px\" \/><\/h1>\n<\/header>\n<div class=\"entry-content clearfix\">\n<div id=\"pl-11\" class=\"panel-layout\">\n<div id=\"pg-11-0\" class=\"panel-grid panel-no-style\">\n<div id=\"pgc-11-0-0\" class=\"panel-grid-cell\">\n<div id=\"panel-11-0-0-0\" class=\"so-panel widget widget_text panel-first-child panel-last-child\" data-index=\"0\">\n<div class=\"textwidget\">\n<p>Pazarlama firmalar\u0131n, hangi mallar\u0131n veya hizmetlerin m\u00fc\u015fterilerinin ilgisini \u00e7ekece\u011fini tayin etmeleri ve sat\u0131\u015flar, ileti\u015fim ve i\u015fletme idaresi geli\u015ftirmeleri i\u00e7in stratejileri belirlemeleri s\u00fcrecidir. Pazarlama s\u00fcreci, bir b\u00fct\u00fcnle\u015ftirilmi\u015f s\u00fcre\u00e7 olup bunun vas\u0131tas\u0131yla firmalar m\u00fc\u015fterileri i\u00e7in de\u011fer yaratmakta ve bunun kar\u015f\u0131l\u0131\u011f\u0131nda m\u00fc\u015fterilerden deger kapabilmek i\u00e7in g\u00fc\u00e7l\u00fc m\u00fc\u015fteri ili\u015fkileri kurmaktad\u0131rlar.<\/p>\n<p>N\u00fcrnberg\u2019te Irak Plastik Sirketinin Almanya Temsilciligini Ilhan Baba yapmaktadir. Irak Plastik SAN. TIC. A.S. \u00fcr\u00fcnleri Mutfak Grubu, Temizlik Grubu, Cocuk Grubu ve Bahce Mobilyalari olarak ayrilmaktadir.<\/p>\n<p>Irak Plastik A.\u015e. 1967 y\u0131l\u0131nda, y\u00f6netim kurulu ba\u015fkan\u0131m\u0131z Sn. Dursun Irak taraf\u0131ndan \u0130stanbul\u2019da kurulmu\u015ftur. \u00d6n\u00fcm\u00fczdeki sene 50.y\u0131l\u0131n\u0131 kutlayacak firmam\u0131z mutfak \u00fcr\u00fcnleri \u00fcretimi ile ba\u015flad\u0131\u011f\u0131 ticari hayat\u0131nda 86 \u00fclkeye ihracat yapan ve t\u00fcm T\u00fcrkiye\u2019ye hizmet veren bir kurulu\u015f konumuna ula\u015fm\u0131\u015ft\u0131r.<\/p>\n<p>1993 y\u0131l\u0131nda 18.000 m2 kapal\u0131 alan\u0131 olan Had\u0131mk\u00f6y tesisleri a\u00e7\u0131lm\u0131\u015f ve bah\u00e7e mobilyas\u0131 \u00fcretimine de ba\u015flanm\u0131\u015ft\u0131r. Ayr\u0131ca, 2003 y\u0131l\u0131ndan beri \u0130stanbul Alkop Sanayi Sitesinde firmam\u0131za ait fason at\u00f6lyelerimiz hizmet vermektedir. 2004 y\u0131l\u0131nda Kahramanmara\u015f\u2019ta koltuk ve sandalye \u00fcretimi yapan b\u00f6lgesel fabrikam\u0131z hizmete a\u00e7\u0131lm\u0131\u015ft\u0131r. 2009 y\u0131l\u0131nda firmam\u0131z\u0131n ge\u00e7irmi\u015f oldu\u011fu yang\u0131n felaketi sonucunda Had\u0131mk\u00f6y tesislerimiz tamamen yanm\u0131\u015ft\u0131r.<\/p>\n<p>Y\u00f6netim ve \u00e7al\u0131\u015fanlar\u0131m\u0131z\u0131n \u00fcst\u00fcn gayretleri ile yeniden yap\u0131lanan \u015firketimiz; 1 \u015fubat 2011\u2019de \u0130stanbul Oto Ticaret Merkezi b\u00f6lgesinde 2000 m2 showroomu kapsayan 9000 m2 Irak plaza merkez binas\u0131n\u0131 a\u00e7m\u0131\u015f ve ayn\u0131 zaman i\u00e7inde Had\u0131mk\u00f6y fabrikam\u0131z\u0131n in\u015faat\u0131na ba\u015flam\u0131\u015ft\u0131r. 42.000 m2 kapal\u0131 alanda son teknoloji ile kurulan yeni fabrikam\u0131z\u0131n a\u00e7\u0131l\u0131\u015f\u0131 2013 y\u0131l\u0131n\u0131n ilk \u00e7eyre\u011finde ger\u00e7ekle\u015fecektir.<\/p>\n<p>Yakla\u015f\u0131k 1000\u00a0ayr\u0131 \u00e7e\u015fit \u00fcr\u00fcn kapasitesine eri\u015fen firmam\u0131z, \u00fcretimde ba\u015far\u0131n\u0131n kalite, hizmet, d\u00fcr\u00fcstl\u00fck ve sizlerle birliktelik oldu\u011funun bilinciyle hareket etmektedir. AR-GE b\u00f6l\u00fcm\u00fcz\u00fcn geli\u015ftirdi\u011fi yeni projeler ve yeni yat\u0131r\u0131mlar\u0131m\u0131zla, Irak Plastik A.\u015e.; \u201cHoliday Garden\u201d bah\u00e7e mobilyalar\u0131, \u201cPlastArt\u201d mutfak \u00fcr\u00fcnleri, Baby Design\u201d bebek \u00fcr\u00fcnleri, \u201cHoliday Garden Flower\u201d saks\u0131 \u00fcr\u00fcnleri markalar\u0131, 300 personeli ve sizlerin katk\u0131lar\u0131yla bug\u00fcn ve gelecekte hizmet vermeye devam edecektir.<\/p>\n<p>Degerli firmaniza, en kaliteli urun ve en iyi servisi tedarik etmek arzusuyla , sizlerle de isbirligi icinde olmak istedigimizi bildirmek isteriz.<\/p>\n<p>Baba GmbH<\/p>\n<p>\u0130rtibat:<\/p>\n<p>Allersberger Strasse 82<br \/>\n90411 N\u00fcrnberg<\/p>\n<p>Umut Ulus &#8211; Cep: +49 179 4786380<\/p>\n<p>\u0130lhan Baba &#8211; Cep: +49-172 5334488<\/p>\n<p>Tel. :\u00a0 0049-911-43189726<br \/>\nFaks: 0049-911-451140<\/p>\n<\/div>\n<\/div>\n<\/div>\n<\/div>\n<\/div>\n<\/div>\n","protected":false},"excerpt":{"rendered":"<p>Pazarlama firmalar\u0131n, hangi mallar\u0131n veya hizmetlerin m\u00fc\u015fterilerinin ilgisini \u00e7ekece\u011fini tayin etmeleri ve sat\u0131\u015flar, ileti\u015fim ve i\u015fletme idaresi geli\u015ftirmeleri i\u00e7in stratejileri belirlemeleri s\u00fcrecidir. Pazarlama s\u00fcreci, bir b\u00fct\u00fcnle\u015ftirilmi\u015f s\u00fcre\u00e7 olup bunun vas\u0131tas\u0131yla firmalar m\u00fc\u015fterileri i\u00e7in de\u011fer yaratmakta ve bunun kar\u015f\u0131l\u0131\u011f\u0131nda m\u00fc\u015fterilerden deger kapabilmek i\u00e7in g\u00fc\u00e7l\u00fc m\u00fc\u015fteri ili\u015fkileri kurmaktad\u0131rlar. N\u00fcrnberg\u2019te Irak Plastik Sirketinin Almanya Temsilciligini Ilhan Baba yapmaktadir. [&hellip;]<\/p>\n","protected":false},"author":1,"featured_media":0,"parent":0,"menu_order":0,"comment_status":"closed","ping_status":"closed","template":"","meta":[],"_links":{"self":[{"href":"https:\/\/www.baba.gmbh\/tr\/wp-json\/wp\/v2\/pages\/411"}],"collection":[{"href":"https:\/\/www.baba.gmbh\/tr\/wp-json\/wp\/v2\/pages"}],"about":[{"href":"https:\/\/www.baba.gmbh\/tr\/wp-json\/wp\/v2\/types\/page"}],"author":[{"embeddable":true,"href":"https:\/\/www.baba.gmbh\/tr\/wp-json\/wp\/v2\/users\/1"}],"replies":[{"embeddable":true,"href":"https:\/\/www.baba.gmbh\/tr\/wp-json\/wp\/v2\/comments?post=411"}],"version-history":[{"count":12,"href":"https:\/\/www.baba.gmbh\/tr\/wp-json\/wp\/v2\/pages\/411\/revisions"}],"predecessor-version":[{"id":456,"href":"https:\/\/www.baba.gmbh\/tr\/wp-json\/wp\/v2\/pages\/411\/revisions\/456"}],"wp:attachment":[{"href":"https:\/\/www.baba.gmbh\/tr\/wp-json\/wp\/v2\/media?parent=411"}],"curies":[{"name":"wp","href":"https:\/\/api.w.org\/{rel}","templated":true}]}}