{"id":22,"date":"2018-09-14T20:24:08","date_gmt":"2018-09-14T17:24:08","guid":{"rendered":"http:\/\/baba.gmbh\/tr\/?page_id=22"},"modified":"2018-09-14T20:26:14","modified_gmt":"2018-09-14T17:26:14","slug":"yasal-uyari","status":"publish","type":"page","link":"https:\/\/www.baba.gmbh\/tr\/yasal-uyari\/","title":{"rendered":"Yasal Uyar\u0131"},"content":{"rendered":"<h3 style=\"text-align: center;\">Safir Denge WordPress Temas\u0131 Ni\u011fde 3.Noterli\u011fi taraf\u0131ndan Safir Tasar\u0131m ad\u0131na tescillenmi\u015ftir. Muhtemel bir illegal kullan\u0131m\/payla\u015f\u0131m durumunda su\u00e7lu durumuna d\u00fc\u015fece\u011finizi hat\u0131rlat\u0131r\u0131z. Gerekli hallerde tescil belgeleri sunulabilir. Firmam\u0131zda sat\u0131\u015flar fatural\u0131 olarak yap\u0131lmaktad\u0131r.<\/h3>\n","protected":false},"excerpt":{"rendered":"<p>Safir Denge WordPress Temas\u0131 Ni\u011fde 3.Noterli\u011fi taraf\u0131ndan Safir Tasar\u0131m ad\u0131na tescillenmi\u015ftir. Muhtemel bir illegal kullan\u0131m\/payla\u015f\u0131m durumunda su\u00e7lu durumuna d\u00fc\u015fece\u011finizi hat\u0131rlat\u0131r\u0131z. Gerekli hallerde tescil belgeleri sunulabilir. Firmam\u0131zda sat\u0131\u015flar fatural\u0131 olarak yap\u0131lmaktad\u0131r.<\/p>\n","protected":false},"author":1,"featured_media":0,"parent":0,"menu_order":0,"comment_status":"closed","ping_status":"closed","template":"pages\/page-full.php","meta":[],"_links":{"self":[{"href":"https:\/\/www.baba.gmbh\/tr\/wp-json\/wp\/v2\/pages\/22"}],"collection":[{"href":"https:\/\/www.baba.gmbh\/tr\/wp-json\/wp\/v2\/pages"}],"about":[{"href":"https:\/\/www.baba.gmbh\/tr\/wp-json\/wp\/v2\/types\/page"}],"author":[{"embeddable":true,"href":"https:\/\/www.baba.gmbh\/tr\/wp-json\/wp\/v2\/users\/1"}],"replies":[{"embeddable":true,"href":"https:\/\/www.baba.gmbh\/tr\/wp-json\/wp\/v2\/comments?post=22"}],"version-history":[{"count":2,"href":"https:\/\/www.baba.gmbh\/tr\/wp-json\/wp\/v2\/pages\/22\/revisions"}],"predecessor-version":[{"id":24,"href":"https:\/\/www.baba.gmbh\/tr\/wp-json\/wp\/v2\/pages\/22\/revisions\/24"}],"wp:attachment":[{"href":"https:\/\/www.baba.gmbh\/tr\/wp-json\/wp\/v2\/media?parent=22"}],"curies":[{"name":"wp","href":"https:\/\/api.w.org\/{rel}","templated":true}]}}